{"id":585,"date":"2025-12-04T20:37:03","date_gmt":"2025-12-04T20:37:03","guid":{"rendered":"https:\/\/cicibicihome.com\/?post_type=product&#038;p=585"},"modified":"2025-12-04T20:37:03","modified_gmt":"2025-12-04T20:37:03","slug":"wave-2li-desenli-tepsi","status":"publish","type":"product","link":"https:\/\/cicibicihome.com\/?product=wave-2li-desenli-tepsi","title":{"rendered":"WAVE 2\u2019L\u0130 DESENL\u0130 TEPS\u0130"},"content":{"rendered":"<div class=\"attribute-item 14\" data-testid=\"attribute-item\">\n<div class=\"name\">Materyal :Ah\u015fap<\/div>\n<div>\u00dcst kaplama :Cam<\/div>\n<\/div>\n<div class=\"attribute-item 348\" data-testid=\"attribute-item\">\n<div class=\"name\">Renk: Sar\u0131<\/div>\n<\/div>\n<div class=\"attribute-item 92\" data-testid=\"attribute-item\">\n<div class=\"name\">Boyut\/Ebat:38 x 33 cm<\/div>\n<div>Silerek temizlenmesi uygundur.<\/div>\n<\/div>\n","protected":false},"excerpt":{"rendered":"<p>Materyal :Ah\u015fap \u00dcst kaplama :Cam Renk: Sar\u0131 Boyut\/Ebat:38 x 33 cm Silerek temizlenmesi uygundur.<\/p>\n","protected":false},"featured_media":586,"template":"","meta":[],"product_brand":[32],"product_cat":[39],"product_tag":[],"class_list":{"0":"post-585","1":"product","2":"type-product","3":"status-publish","4":"has-post-thumbnail","6":"product_brand-kosova","7":"product_cat-fincan-takimi-ve-kupa","9":"first","10":"instock","11":"sale","12":"shipping-taxable","13":"purchasable","14":"product-type-simple"},"jetpack_sharing_enabled":true,"_links":{"self":[{"href":"https:\/\/cicibicihome.com\/index.php?rest_route=\/wp\/v2\/product\/585","targetHints":{"allow":["GET"]}}],"collection":[{"href":"https:\/\/cicibicihome.com\/index.php?rest_route=\/wp\/v2\/product"}],"about":[{"href":"https:\/\/cicibicihome.com\/index.php?rest_route=\/wp\/v2\/types\/product"}],"version-history":[{"count":0,"href":"https:\/\/cicibicihome.com\/index.php?rest_route=\/wp\/v2\/product\/585\/revisions"}],"wp:featuredmedia":[{"embeddable":true,"href":"https:\/\/cicibicihome.com\/index.php?rest_route=\/wp\/v2\/media\/586"}],"wp:attachment":[{"href":"https:\/\/cicibicihome.com\/index.php?rest_route=%2Fwp%2Fv2%2Fmedia&parent=585"}],"wp:term":[{"taxonomy":"product_brand","embeddable":true,"href":"https:\/\/cicibicihome.com\/index.php?rest_route=%2Fwp%2Fv2%2Fproduct_brand&post=585"},{"taxonomy":"product_cat","embeddable":true,"href":"https:\/\/cicibicihome.com\/index.php?rest_route=%2Fwp%2Fv2%2Fproduct_cat&post=585"},{"taxonomy":"product_tag","embeddable":true,"href":"https:\/\/cicibicihome.com\/index.php?rest_route=%2Fwp%2Fv2%2Fproduct_tag&post=585"}],"curies":[{"name":"wp","href":"https:\/\/api.w.org\/{rel}","templated":true}]}}