{"id":583,"date":"2025-12-04T20:26:27","date_gmt":"2025-12-04T20:26:27","guid":{"rendered":"https:\/\/cicibicihome.com\/?post_type=product&#038;p=583"},"modified":"2026-01-29T10:53:03","modified_gmt":"2026-01-29T10:53:03","slug":"6li-kahve-fincanconnellmix","status":"publish","type":"product","link":"https:\/\/cicibicihome.com\/?product=6li-kahve-fincanconnellmix","title":{"rendered":"6\u2019LI KAHVE F\u0130NCAN(CONNELL)M\u0130X"},"content":{"rendered":"<div class=\"attribute-item 189\" data-testid=\"attribute-item\">\n<div class=\"name\">Ki\u015fi Say\u0131s\u0131:6 Ki\u015filik<\/div>\n<div><\/div>\n<\/div>\n<div class=\"attribute-item 18\" data-testid=\"attribute-item\">\n<div class=\"name\">Par\u00e7a Say\u0131s\u0131:12<\/div>\n<div><\/div>\n<\/div>\n<div class=\"attribute-item 348\" data-testid=\"attribute-item\">\n<div class=\"name\">Renk: Beyaz<\/div>\n<div><\/div>\n<\/div>\n<div class=\"attribute-item 43\" data-testid=\"attribute-item\">\n<div class=\"name\">Hacim:90 ml<\/div>\n<\/div>\n<div class=\"attribute-item 20\" data-testid=\"attribute-item\">\n<div class=\"name\"><\/div>\n<\/div>\n<div class=\"attribute-item 14\" data-testid=\"attribute-item\">\n<div class=\"name\">Materyal:\u00a0Porselen<\/div>\n<\/div>\n<div class=\"name\"><\/div>\n<div>Elde y\u0131kama tavsiye edilir<\/div>\n","protected":false},"excerpt":{"rendered":"<p>Ki\u015fi Say\u0131s\u0131:6 Ki\u015filik Par\u00e7a Say\u0131s\u0131:12 Renk: Beyaz Hacim:90 ml Materyal:\u00a0Porselen Elde y\u0131kama tavsiye edilir<\/p>\n","protected":false},"featured_media":584,"template":"","meta":[],"product_brand":[32],"product_cat":[39],"product_tag":[],"class_list":{"0":"post-583","1":"product","2":"type-product","3":"status-publish","4":"has-post-thumbnail","6":"product_brand-kosova","7":"product_cat-fincan-takimi-ve-kupa","9":"first","10":"instock","11":"sale","12":"shipping-taxable","13":"purchasable","14":"product-type-simple"},"jetpack_sharing_enabled":true,"_links":{"self":[{"href":"https:\/\/cicibicihome.com\/index.php?rest_route=\/wp\/v2\/product\/583","targetHints":{"allow":["GET"]}}],"collection":[{"href":"https:\/\/cicibicihome.com\/index.php?rest_route=\/wp\/v2\/product"}],"about":[{"href":"https:\/\/cicibicihome.com\/index.php?rest_route=\/wp\/v2\/types\/product"}],"version-history":[{"count":1,"href":"https:\/\/cicibicihome.com\/index.php?rest_route=\/wp\/v2\/product\/583\/revisions"}],"predecessor-version":[{"id":619,"href":"https:\/\/cicibicihome.com\/index.php?rest_route=\/wp\/v2\/product\/583\/revisions\/619"}],"wp:featuredmedia":[{"embeddable":true,"href":"https:\/\/cicibicihome.com\/index.php?rest_route=\/wp\/v2\/media\/584"}],"wp:attachment":[{"href":"https:\/\/cicibicihome.com\/index.php?rest_route=%2Fwp%2Fv2%2Fmedia&parent=583"}],"wp:term":[{"taxonomy":"product_brand","embeddable":true,"href":"https:\/\/cicibicihome.com\/index.php?rest_route=%2Fwp%2Fv2%2Fproduct_brand&post=583"},{"taxonomy":"product_cat","embeddable":true,"href":"https:\/\/cicibicihome.com\/index.php?rest_route=%2Fwp%2Fv2%2Fproduct_cat&post=583"},{"taxonomy":"product_tag","embeddable":true,"href":"https:\/\/cicibicihome.com\/index.php?rest_route=%2Fwp%2Fv2%2Fproduct_tag&post=583"}],"curies":[{"name":"wp","href":"https:\/\/api.w.org\/{rel}","templated":true}]}}