{"id":575,"date":"2025-12-04T20:09:21","date_gmt":"2025-12-04T20:09:21","guid":{"rendered":"https:\/\/cicibicihome.com\/?post_type=product&#038;p=575"},"modified":"2025-12-04T20:09:21","modified_gmt":"2025-12-04T20:09:21","slug":"8-parca-baharat-kavanoz-seti","status":"publish","type":"product","link":"https:\/\/cicibicihome.com\/?product=8-parca-baharat-kavanoz-seti","title":{"rendered":"8 Par\u00e7a Baharat Kavanoz Seti"},"content":{"rendered":"<p><span style=\"font-family: Montserrat;\"><span style=\"font-size: medium;\"><strong>\u00dcr\u00fcn \u0130\u00e7eri\u011fi;<\/strong><\/span><\/span><\/p>\n<ul>\n<li><span style=\"font-size: medium;\">3 adet b\u00fcy\u00fck kavanoz<\/span><\/li>\n<li><span style=\"font-size: medium;\">4 adet k\u00fc\u00e7\u00fck kavanoz\u00a0<\/span><\/li>\n<li><span style=\"font-size: medium;\">1 adet metal stand\u00a0<\/span><\/li>\n<\/ul>\n<p><span style=\"font-size: large;\"><span style=\"font-size: medium;\"><strong>Malzeme:\u00a0<\/strong>Porselen<\/span><\/span><\/p>\n","protected":false},"excerpt":{"rendered":"<p>\u00dcr\u00fcn \u0130\u00e7eri\u011fi; 3 adet b\u00fcy\u00fck kavanoz 4 adet k\u00fc\u00e7\u00fck kavanoz\u00a0 1 adet metal stand\u00a0 Malzeme:\u00a0Porselen<\/p>\n","protected":false},"featured_media":576,"template":"","meta":[],"product_brand":[],"product_cat":[36],"product_tag":[],"class_list":{"0":"post-575","1":"product","2":"type-product","3":"status-publish","4":"has-post-thumbnail","6":"product_cat-pratik-ev-gerecleri","8":"first","9":"instock","10":"sale","11":"shipping-taxable","12":"purchasable","13":"product-type-simple"},"jetpack_sharing_enabled":true,"_links":{"self":[{"href":"https:\/\/cicibicihome.com\/index.php?rest_route=\/wp\/v2\/product\/575","targetHints":{"allow":["GET"]}}],"collection":[{"href":"https:\/\/cicibicihome.com\/index.php?rest_route=\/wp\/v2\/product"}],"about":[{"href":"https:\/\/cicibicihome.com\/index.php?rest_route=\/wp\/v2\/types\/product"}],"version-history":[{"count":0,"href":"https:\/\/cicibicihome.com\/index.php?rest_route=\/wp\/v2\/product\/575\/revisions"}],"wp:featuredmedia":[{"embeddable":true,"href":"https:\/\/cicibicihome.com\/index.php?rest_route=\/wp\/v2\/media\/576"}],"wp:attachment":[{"href":"https:\/\/cicibicihome.com\/index.php?rest_route=%2Fwp%2Fv2%2Fmedia&parent=575"}],"wp:term":[{"taxonomy":"product_brand","embeddable":true,"href":"https:\/\/cicibicihome.com\/index.php?rest_route=%2Fwp%2Fv2%2Fproduct_brand&post=575"},{"taxonomy":"product_cat","embeddable":true,"href":"https:\/\/cicibicihome.com\/index.php?rest_route=%2Fwp%2Fv2%2Fproduct_cat&post=575"},{"taxonomy":"product_tag","embeddable":true,"href":"https:\/\/cicibicihome.com\/index.php?rest_route=%2Fwp%2Fv2%2Fproduct_tag&post=575"}],"curies":[{"name":"wp","href":"https:\/\/api.w.org\/{rel}","templated":true}]}}