{"id":573,"date":"2025-12-04T20:03:13","date_gmt":"2025-12-04T20:03:13","guid":{"rendered":"https:\/\/cicibicihome.com\/?post_type=product&#038;p=573"},"modified":"2025-12-04T20:03:13","modified_gmt":"2025-12-04T20:03:13","slug":"melange-koyu-mavi-kupa-200-ml","status":"publish","type":"product","link":"https:\/\/cicibicihome.com\/?product=melange-koyu-mavi-kupa-200-ml","title":{"rendered":"Melange Koyu Mavi Kupa &#8211; 200 ml"},"content":{"rendered":"<p><strong>\u00dcr\u00fcn \u0130\u00e7eri\u011fi;<\/strong><\/p>\n<p>1 adet kupa<\/p>\n<p><strong>Malzeme;\u00a0<\/strong>Porselen<\/p>\n<p>Gold detaylar\u0131n uzun \u00f6m\u00fcrl\u00fc kullan\u0131m\u0131 i\u00e7in elde y\u0131kanmas\u0131 tavsiye edilmektedir.<\/p>\n","protected":false},"excerpt":{"rendered":"<p>\u00dcr\u00fcn \u0130\u00e7eri\u011fi; 1 adet kupa Malzeme;\u00a0Porselen Gold detaylar\u0131n uzun \u00f6m\u00fcrl\u00fc kullan\u0131m\u0131 i\u00e7in elde y\u0131kanmas\u0131 tavsiye edilmektedir.<\/p>\n","protected":false},"featured_media":574,"template":"","meta":[],"product_brand":[33],"product_cat":[39],"product_tag":[],"class_list":{"0":"post-573","1":"product","2":"type-product","3":"status-publish","4":"has-post-thumbnail","6":"product_brand-acar","7":"product_cat-fincan-takimi-ve-kupa","9":"first","10":"instock","11":"sale","12":"shipping-taxable","13":"purchasable","14":"product-type-simple"},"jetpack_sharing_enabled":true,"_links":{"self":[{"href":"https:\/\/cicibicihome.com\/index.php?rest_route=\/wp\/v2\/product\/573","targetHints":{"allow":["GET"]}}],"collection":[{"href":"https:\/\/cicibicihome.com\/index.php?rest_route=\/wp\/v2\/product"}],"about":[{"href":"https:\/\/cicibicihome.com\/index.php?rest_route=\/wp\/v2\/types\/product"}],"version-history":[{"count":0,"href":"https:\/\/cicibicihome.com\/index.php?rest_route=\/wp\/v2\/product\/573\/revisions"}],"wp:featuredmedia":[{"embeddable":true,"href":"https:\/\/cicibicihome.com\/index.php?rest_route=\/wp\/v2\/media\/574"}],"wp:attachment":[{"href":"https:\/\/cicibicihome.com\/index.php?rest_route=%2Fwp%2Fv2%2Fmedia&parent=573"}],"wp:term":[{"taxonomy":"product_brand","embeddable":true,"href":"https:\/\/cicibicihome.com\/index.php?rest_route=%2Fwp%2Fv2%2Fproduct_brand&post=573"},{"taxonomy":"product_cat","embeddable":true,"href":"https:\/\/cicibicihome.com\/index.php?rest_route=%2Fwp%2Fv2%2Fproduct_cat&post=573"},{"taxonomy":"product_tag","embeddable":true,"href":"https:\/\/cicibicihome.com\/index.php?rest_route=%2Fwp%2Fv2%2Fproduct_tag&post=573"}],"curies":[{"name":"wp","href":"https:\/\/api.w.org\/{rel}","templated":true}]}}