{"id":571,"date":"2025-12-04T20:01:27","date_gmt":"2025-12-04T20:01:27","guid":{"rendered":"https:\/\/cicibicihome.com\/?post_type=product&#038;p=571"},"modified":"2025-12-04T20:01:28","modified_gmt":"2025-12-04T20:01:28","slug":"melange-yesil-kupa-200-ml","status":"publish","type":"product","link":"https:\/\/cicibicihome.com\/?product=melange-yesil-kupa-200-ml","title":{"rendered":"Melange Ye\u015fil Kupa &#8211; 200 ml"},"content":{"rendered":"<p><strong>\u00dcr\u00fcn \u0130\u00e7eri\u011fi;<\/strong><\/p>\n<p>1 adet kupa<\/p>\n<p><strong>Malzeme;\u00a0<\/strong>Porselen<\/p>\n<p>Gold detaylar\u0131n uzun \u00f6m\u00fcrl\u00fc kullan\u0131m\u0131 i\u00e7in elde y\u0131kanmas\u0131 tavsiye edilmektedir<\/p>\n","protected":false},"excerpt":{"rendered":"<p>\u00dcr\u00fcn \u0130\u00e7eri\u011fi; 1 adet kupa Malzeme;\u00a0Porselen Gold detaylar\u0131n uzun \u00f6m\u00fcrl\u00fc kullan\u0131m\u0131 i\u00e7in elde y\u0131kanmas\u0131 tavsiye edilmektedir<\/p>\n","protected":false},"featured_media":572,"template":"","meta":[],"product_brand":[],"product_cat":[39],"product_tag":[],"class_list":{"0":"post-571","1":"product","2":"type-product","3":"status-publish","4":"has-post-thumbnail","6":"product_cat-fincan-takimi-ve-kupa","8":"first","9":"instock","10":"sale","11":"shipping-taxable","12":"purchasable","13":"product-type-simple"},"jetpack_sharing_enabled":true,"_links":{"self":[{"href":"https:\/\/cicibicihome.com\/index.php?rest_route=\/wp\/v2\/product\/571","targetHints":{"allow":["GET"]}}],"collection":[{"href":"https:\/\/cicibicihome.com\/index.php?rest_route=\/wp\/v2\/product"}],"about":[{"href":"https:\/\/cicibicihome.com\/index.php?rest_route=\/wp\/v2\/types\/product"}],"version-history":[{"count":0,"href":"https:\/\/cicibicihome.com\/index.php?rest_route=\/wp\/v2\/product\/571\/revisions"}],"wp:featuredmedia":[{"embeddable":true,"href":"https:\/\/cicibicihome.com\/index.php?rest_route=\/wp\/v2\/media\/572"}],"wp:attachment":[{"href":"https:\/\/cicibicihome.com\/index.php?rest_route=%2Fwp%2Fv2%2Fmedia&parent=571"}],"wp:term":[{"taxonomy":"product_brand","embeddable":true,"href":"https:\/\/cicibicihome.com\/index.php?rest_route=%2Fwp%2Fv2%2Fproduct_brand&post=571"},{"taxonomy":"product_cat","embeddable":true,"href":"https:\/\/cicibicihome.com\/index.php?rest_route=%2Fwp%2Fv2%2Fproduct_cat&post=571"},{"taxonomy":"product_tag","embeddable":true,"href":"https:\/\/cicibicihome.com\/index.php?rest_route=%2Fwp%2Fv2%2Fproduct_tag&post=571"}],"curies":[{"name":"wp","href":"https:\/\/api.w.org\/{rel}","templated":true}]}}