{"id":562,"date":"2025-12-04T19:48:04","date_gmt":"2025-12-04T19:48:04","guid":{"rendered":"https:\/\/cicibicihome.com\/?post_type=product&#038;p=562"},"modified":"2025-12-04T19:48:30","modified_gmt":"2025-12-04T19:48:30","slug":"bambu-kapakli-ekmek-saklama-kutusu-30-cm","status":"publish","type":"product","link":"https:\/\/cicibicihome.com\/?product=bambu-kapakli-ekmek-saklama-kutusu-30-cm","title":{"rendered":"Bambu Kapakl\u0131 Ekmek Saklama Kutusu 30 Cm"},"content":{"rendered":"<p><span style=\"font-family: Montserrat; font-size: large;\"><strong>Sirius Bambu Kapakl\u0131 Ekmek Saklama Kutusu &#8211; 30 cm<\/strong><\/span><\/p>\n<p><span style=\"font-family: Montserrat; font-size: large;\"><strong>\u00dcr\u00fcn \u0130\u00e7eri\u011fi;<\/strong><\/span><\/p>\n<p><span style=\"font-family: Montserrat; font-size: large;\">1 adet ekmek kutusu : 30 x 28 x 14 cm<\/span><\/p>\n<p><span style=\"font-family: Montserrat;\"><span style=\"font-size: large;\"><strong>Malzeme:<\/strong>\u00a0Metal g\u00f6vde + Ah\u015fap kapak<\/span><\/span><\/p>\n<p><span style=\"color: #000000; font-family: Montserrat; font-size: large;\">\u00dcr\u00fcn tek par\u00e7ad\u0131r ve kapak k\u0131sm\u0131 a\u00e7\u0131l\u0131p kapanabilir \u00f6zelliktedir.<\/span><\/p>\n<p><span style=\"color: #000000; font-family: Montserrat; font-size: large;\">Kulp k\u0131sm\u0131 ah\u015fapt\u0131r.<\/span><\/p>\n","protected":false},"excerpt":{"rendered":"<p>Sirius Bambu Kapakl\u0131 Ekmek Saklama Kutusu &#8211; 30 cm \u00dcr\u00fcn \u0130\u00e7eri\u011fi; 1 adet ekmek kutusu : 30 x 28 x 14 cm Malzeme:\u00a0Metal g\u00f6vde + Ah\u015fap kapak \u00dcr\u00fcn tek par\u00e7ad\u0131r [&hellip;]<\/p>\n","protected":false},"featured_media":563,"template":"","meta":[],"product_brand":[33],"product_cat":[36],"product_tag":[],"class_list":{"0":"post-562","1":"product","2":"type-product","3":"status-publish","4":"has-post-thumbnail","6":"product_brand-acar","7":"product_cat-pratik-ev-gerecleri","9":"first","10":"instock","11":"sale","12":"shipping-taxable","13":"purchasable","14":"product-type-simple"},"jetpack_sharing_enabled":true,"_links":{"self":[{"href":"https:\/\/cicibicihome.com\/index.php?rest_route=\/wp\/v2\/product\/562","targetHints":{"allow":["GET"]}}],"collection":[{"href":"https:\/\/cicibicihome.com\/index.php?rest_route=\/wp\/v2\/product"}],"about":[{"href":"https:\/\/cicibicihome.com\/index.php?rest_route=\/wp\/v2\/types\/product"}],"version-history":[{"count":0,"href":"https:\/\/cicibicihome.com\/index.php?rest_route=\/wp\/v2\/product\/562\/revisions"}],"wp:featuredmedia":[{"embeddable":true,"href":"https:\/\/cicibicihome.com\/index.php?rest_route=\/wp\/v2\/media\/563"}],"wp:attachment":[{"href":"https:\/\/cicibicihome.com\/index.php?rest_route=%2Fwp%2Fv2%2Fmedia&parent=562"}],"wp:term":[{"taxonomy":"product_brand","embeddable":true,"href":"https:\/\/cicibicihome.com\/index.php?rest_route=%2Fwp%2Fv2%2Fproduct_brand&post=562"},{"taxonomy":"product_cat","embeddable":true,"href":"https:\/\/cicibicihome.com\/index.php?rest_route=%2Fwp%2Fv2%2Fproduct_cat&post=562"},{"taxonomy":"product_tag","embeddable":true,"href":"https:\/\/cicibicihome.com\/index.php?rest_route=%2Fwp%2Fv2%2Fproduct_tag&post=562"}],"curies":[{"name":"wp","href":"https:\/\/api.w.org\/{rel}","templated":true}]}}