{"id":559,"date":"2025-12-04T19:42:15","date_gmt":"2025-12-04T19:42:15","guid":{"rendered":"https:\/\/cicibicihome.com\/?post_type=product&#038;p=559"},"modified":"2025-12-04T19:42:15","modified_gmt":"2025-12-04T19:42:15","slug":"vespera-6-kisilik-27-parca-yemek-takimi","status":"publish","type":"product","link":"https:\/\/cicibicihome.com\/?product=vespera-6-kisilik-27-parca-yemek-takimi","title":{"rendered":"Vespera 6 Ki\u015filik 27 Par\u00e7a Yemek Tak\u0131m\u0131"},"content":{"rendered":"<p><strong><span style=\"color: #000000; font-family: Montserrat; font-size: large;\">\u00dcr\u00fcn \u0130\u00e7eri\u011fi:<\/span><\/strong><strong><span style=\"color: #000000; font-family: Montserrat; font-size: large;\"><br \/>\n<\/span><\/strong><\/p>\n<p><span style=\"font-family: Montserrat; font-size: large;\">6 adet servis tabak: 28 cm<\/span><\/p>\n<p><span style=\"color: #000000; font-family: Montserrat; font-size: large;\">6 adet pasta tabak: 23 cm<br \/>\n6 adet \u00e7ukur tabak: 23 cn<br \/>\n6 adet kase: 14 cm<br \/>\n1 adet b\u00fcy\u00fck boy\u00a0kay\u0131k tabak: 19 x 27\u00a0cm<br \/>\n1 adet k\u00fc\u00e7\u00fck boy\u00a0kay\u0131k tabak:\u00a017 x 24\u00a0cm<\/span><\/p>\n<p><span style=\"color: #000000; font-family: Montserrat; font-size: large;\">1 adet kase: 24 cm<\/span><span style=\"color: #000000; font-family: Montserrat; font-size: large;\"><br \/>\n<\/span><\/p>\n<p><span style=\"font-family: Montserrat;\"><span style=\"font-size: large;\"><span style=\"color: #000000;\"><strong>Malzeme:\u00a0<\/strong>Porselen<\/span><\/span><\/span><\/p>\n<p>Bula\u015f\u0131k makinesinde y\u0131kanabilir.<\/p>\n","protected":false},"excerpt":{"rendered":"<p>\u00dcr\u00fcn \u0130\u00e7eri\u011fi: 6 adet servis tabak: 28 cm 6 adet pasta tabak: 23 cm 6 adet \u00e7ukur tabak: 23 cn 6 adet kase: 14 cm 1 adet b\u00fcy\u00fck boy\u00a0kay\u0131k tabak: [&hellip;]<\/p>\n","protected":false},"featured_media":560,"template":"","meta":[],"product_brand":[33],"product_cat":[35],"product_tag":[],"class_list":{"0":"post-559","1":"product","2":"type-product","3":"status-publish","4":"has-post-thumbnail","6":"product_brand-acar","7":"product_cat-porselen","9":"first","10":"instock","11":"sale","12":"shipping-taxable","13":"purchasable","14":"product-type-simple"},"jetpack_sharing_enabled":true,"_links":{"self":[{"href":"https:\/\/cicibicihome.com\/index.php?rest_route=\/wp\/v2\/product\/559","targetHints":{"allow":["GET"]}}],"collection":[{"href":"https:\/\/cicibicihome.com\/index.php?rest_route=\/wp\/v2\/product"}],"about":[{"href":"https:\/\/cicibicihome.com\/index.php?rest_route=\/wp\/v2\/types\/product"}],"version-history":[{"count":0,"href":"https:\/\/cicibicihome.com\/index.php?rest_route=\/wp\/v2\/product\/559\/revisions"}],"wp:featuredmedia":[{"embeddable":true,"href":"https:\/\/cicibicihome.com\/index.php?rest_route=\/wp\/v2\/media\/560"}],"wp:attachment":[{"href":"https:\/\/cicibicihome.com\/index.php?rest_route=%2Fwp%2Fv2%2Fmedia&parent=559"}],"wp:term":[{"taxonomy":"product_brand","embeddable":true,"href":"https:\/\/cicibicihome.com\/index.php?rest_route=%2Fwp%2Fv2%2Fproduct_brand&post=559"},{"taxonomy":"product_cat","embeddable":true,"href":"https:\/\/cicibicihome.com\/index.php?rest_route=%2Fwp%2Fv2%2Fproduct_cat&post=559"},{"taxonomy":"product_tag","embeddable":true,"href":"https:\/\/cicibicihome.com\/index.php?rest_route=%2Fwp%2Fv2%2Fproduct_tag&post=559"}],"curies":[{"name":"wp","href":"https:\/\/api.w.org\/{rel}","templated":true}]}}