{"id":553,"date":"2025-12-04T19:36:51","date_gmt":"2025-12-04T19:36:51","guid":{"rendered":"https:\/\/cicibicihome.com\/?post_type=product&#038;p=553"},"modified":"2026-01-29T11:04:00","modified_gmt":"2026-01-29T11:04:00","slug":"karmen-6-kisilik-24-parca-gold-yemek-takimi","status":"publish","type":"product","link":"https:\/\/cicibicihome.com\/?product=karmen-6-kisilik-24-parca-gold-yemek-takimi","title":{"rendered":"Karmen 6 Ki\u015filik 24 Par\u00e7a Gold Yemek Tak\u0131m\u0131"},"content":{"rendered":"<p><strong>\u00dcr\u00fcn \u0130\u00e7eri\u011fi<\/strong><\/p>\n<p><span style=\"font-family: Montserrat; font-size: large;\">6 adet servis tabak : 27 cm<br \/>\n<\/span><span style=\"font-family: Montserrat; font-size: large;\">6 adet pasta tabak : 21 cm<br \/>\n<\/span><span style=\"font-family: Montserrat; font-size: large;\">6 adet \u00e7ukur tabak : 20 cm<br \/>\n<\/span><span style=\"font-family: Montserrat; font-size: large;\">6 adet kase : 14 cm<\/span><\/p>\n<div class=\"row justify-content-between bg-info mb-1 border-round fw-semibold\">\n<div class=\"col-6 py-1 text-right\">Yemek Tak\u0131m\u0131 Ki\u015fi Say\u0131s\u0131<\/div>\n<\/div>\n<div class=\"row justify-content-between bg-info mb-1 border-round fw-semibold\">\n<div class=\"col-6 py-1 text-right\">6 Ki\u015filik<\/div>\n<\/div>\n<div class=\"row justify-content-between bg-info mb-1 border-round fw-semibold\">\n<div class=\"col-6 py-1\"><\/div>\n<\/div>\n<div class=\"row justify-content-between bg-info mb-1 border-round fw-semibold\">\n<div class=\"col-6 py-1\">Renk: Beyaz \/ Gold<\/div>\n<\/div>\n<div class=\"row justify-content-between bg-info mb-1 border-round fw-semibold\">\n<div class=\"col-6 py-1\">F\u0131r\u0131n Kullan\u0131m\u0131: Hay\u0131r<\/div>\n<\/div>\n<div class=\"row justify-content-between bg-info mb-1 border-round fw-semibold\">\n<div class=\"col-6 py-1\">Mikrodalga: Kullan\u0131m\u0131 Evet<\/div>\n<\/div>\n<div class=\"row justify-content-between bg-info mb-1 border-round fw-semibold\">\n<div class=\"col-6 py-1\">Bula\u015f\u0131k Makinesinde Y\u0131kama Tavsiye Edilmez<\/div>\n<div>\n<div class=\"col-6 py-1\">Yedek Par\u00e7a Temini: Evet<\/div>\n<\/div>\n<\/div>\n","protected":false},"excerpt":{"rendered":"<p>\u00dcr\u00fcn \u0130\u00e7eri\u011fi 6 adet servis tabak : 27 cm 6 adet pasta tabak : 21 cm 6 adet \u00e7ukur tabak : 20 cm 6 adet kase : 14 cm Yemek [&hellip;]<\/p>\n","protected":false},"featured_media":554,"template":"","meta":[],"product_brand":[33],"product_cat":[35],"product_tag":[],"class_list":{"0":"post-553","1":"product","2":"type-product","3":"status-publish","4":"has-post-thumbnail","6":"product_brand-acar","7":"product_cat-porselen","9":"first","10":"outofstock","11":"sale","12":"sold-individually","13":"shipping-taxable","14":"purchasable","15":"product-type-simple"},"jetpack_sharing_enabled":true,"_links":{"self":[{"href":"https:\/\/cicibicihome.com\/index.php?rest_route=\/wp\/v2\/product\/553","targetHints":{"allow":["GET"]}}],"collection":[{"href":"https:\/\/cicibicihome.com\/index.php?rest_route=\/wp\/v2\/product"}],"about":[{"href":"https:\/\/cicibicihome.com\/index.php?rest_route=\/wp\/v2\/types\/product"}],"version-history":[{"count":2,"href":"https:\/\/cicibicihome.com\/index.php?rest_route=\/wp\/v2\/product\/553\/revisions"}],"predecessor-version":[{"id":620,"href":"https:\/\/cicibicihome.com\/index.php?rest_route=\/wp\/v2\/product\/553\/revisions\/620"}],"wp:featuredmedia":[{"embeddable":true,"href":"https:\/\/cicibicihome.com\/index.php?rest_route=\/wp\/v2\/media\/554"}],"wp:attachment":[{"href":"https:\/\/cicibicihome.com\/index.php?rest_route=%2Fwp%2Fv2%2Fmedia&parent=553"}],"wp:term":[{"taxonomy":"product_brand","embeddable":true,"href":"https:\/\/cicibicihome.com\/index.php?rest_route=%2Fwp%2Fv2%2Fproduct_brand&post=553"},{"taxonomy":"product_cat","embeddable":true,"href":"https:\/\/cicibicihome.com\/index.php?rest_route=%2Fwp%2Fv2%2Fproduct_cat&post=553"},{"taxonomy":"product_tag","embeddable":true,"href":"https:\/\/cicibicihome.com\/index.php?rest_route=%2Fwp%2Fv2%2Fproduct_tag&post=553"}],"curies":[{"name":"wp","href":"https:\/\/api.w.org\/{rel}","templated":true}]}}