{"id":539,"date":"2025-12-04T19:04:58","date_gmt":"2025-12-04T19:04:58","guid":{"rendered":"https:\/\/cicibicihome.com\/?post_type=product&#038;p=539"},"modified":"2026-01-29T11:05:03","modified_gmt":"2026-01-29T11:05:03","slug":"alt-ust-emaye-caydanlik-takimi-dama-dekor","status":"publish","type":"product","link":"https:\/\/cicibicihome.com\/?product=alt-ust-emaye-caydanlik-takimi-dama-dekor","title":{"rendered":"Alt \u00dcst Emaye \u00c7aydanl\u0131k Tak\u0131m\u0131 Dama Dekor"},"content":{"rendered":"<ul>\n<li>Is\u0131ya dayan\u0131kl\u0131 Alt demlik: 2 litre 12.5 cm derinlik x 16 cm \u00e7ap<\/li>\n<li>\u00dcst demlik: 1 litre 11.5 cm derinlik x 13 cm \u00e7ap<\/li>\n<li>\n<div align=\"left\"><span style=\"font-family: Arial;\">\u0130nd\u00fcksiyonlu ocaklar dahil t\u00fcm ocak tiplerinde kullan\u0131ma uygundur.<\/span><\/div>\n<\/li>\n<li>\n<div align=\"left\"><span style=\"font-family: Arial;\">Uzun \u00f6m\u00fcrl\u00fc kullan\u0131m i\u00e7in elde y\u0131kanmas\u0131 tavsiye edilir.<\/span><\/div>\n<\/li>\n<li>\n<div align=\"left\"><span style=\"font-family: Arial;\">\u0130\u00e7erisinde bakteri bulundurmaz.<\/span><\/div>\n<\/li>\n<\/ul>\n<p>&nbsp;<\/p>\n","protected":false},"excerpt":{"rendered":"<p>Is\u0131ya dayan\u0131kl\u0131 Alt demlik: 2 litre 12.5 cm derinlik x 16 cm \u00e7ap \u00dcst demlik: 1 litre 11.5 cm derinlik x 13 cm \u00e7ap \u0130nd\u00fcksiyonlu ocaklar dahil t\u00fcm ocak tiplerinde [&hellip;]<\/p>\n","protected":false},"featured_media":543,"template":"","meta":[],"product_brand":[33],"product_cat":[38],"product_tag":[],"class_list":{"0":"post-539","1":"product","2":"type-product","3":"status-publish","4":"has-post-thumbnail","6":"product_brand-acar","7":"product_cat-pisirme-grubu","9":"first","10":"instock","11":"sale","12":"shipping-taxable","13":"purchasable","14":"product-type-simple"},"jetpack_sharing_enabled":true,"_links":{"self":[{"href":"https:\/\/cicibicihome.com\/index.php?rest_route=\/wp\/v2\/product\/539","targetHints":{"allow":["GET"]}}],"collection":[{"href":"https:\/\/cicibicihome.com\/index.php?rest_route=\/wp\/v2\/product"}],"about":[{"href":"https:\/\/cicibicihome.com\/index.php?rest_route=\/wp\/v2\/types\/product"}],"version-history":[{"count":1,"href":"https:\/\/cicibicihome.com\/index.php?rest_route=\/wp\/v2\/product\/539\/revisions"}],"predecessor-version":[{"id":622,"href":"https:\/\/cicibicihome.com\/index.php?rest_route=\/wp\/v2\/product\/539\/revisions\/622"}],"wp:featuredmedia":[{"embeddable":true,"href":"https:\/\/cicibicihome.com\/index.php?rest_route=\/wp\/v2\/media\/543"}],"wp:attachment":[{"href":"https:\/\/cicibicihome.com\/index.php?rest_route=%2Fwp%2Fv2%2Fmedia&parent=539"}],"wp:term":[{"taxonomy":"product_brand","embeddable":true,"href":"https:\/\/cicibicihome.com\/index.php?rest_route=%2Fwp%2Fv2%2Fproduct_brand&post=539"},{"taxonomy":"product_cat","embeddable":true,"href":"https:\/\/cicibicihome.com\/index.php?rest_route=%2Fwp%2Fv2%2Fproduct_cat&post=539"},{"taxonomy":"product_tag","embeddable":true,"href":"https:\/\/cicibicihome.com\/index.php?rest_route=%2Fwp%2Fv2%2Fproduct_tag&post=539"}],"curies":[{"name":"wp","href":"https:\/\/api.w.org\/{rel}","templated":true}]}}