{"id":533,"date":"2025-11-30T11:27:32","date_gmt":"2025-11-30T11:27:32","guid":{"rendered":"https:\/\/cicibicihome.com\/?post_type=product&#038;p=533"},"modified":"2026-01-29T11:06:20","modified_gmt":"2026-01-29T11:06:20","slug":"6li-fincan-takimi-bird","status":"publish","type":"product","link":"https:\/\/cicibicihome.com\/?product=6li-fincan-takimi-bird","title":{"rendered":"6\u2019LI F\u0130NCAN TAKIMI (B\u0130RD)"},"content":{"rendered":"<p>6 LI F\u0130NCAN TAKIMI CANLI RENK VE DESENLER\u0130 \u0130LE KAHVE SAT\u0130N\u0130ZE COK YAKI\u015eACAK<\/p>\n<p>KARI\u015eIK G\u00d6RSELDEK\u0130 G\u0130B\u0130 RENK VE DESENLER\u0130 G\u00d6NDER\u0130LMEKTED\u0130R<\/p>\n<p>\u0130NCE PORSELEN<\/p>\n<p>ELDE YIKAMAYA UYGUNDUR<\/p>\n","protected":false},"excerpt":{"rendered":"<p>6 LI F\u0130NCAN TAKIMI CANLI RENK VE DESENLER\u0130 \u0130LE KAHVE SAT\u0130N\u0130ZE COK YAKI\u015eACAK KARI\u015eIK G\u00d6RSELDEK\u0130 G\u0130B\u0130 RENK VE DESENLER\u0130 G\u00d6NDER\u0130LMEKTED\u0130R \u0130NCE PORSELEN ELDE YIKAMAYA UYGUNDUR<\/p>\n","protected":false},"featured_media":534,"template":"","meta":[],"product_brand":[32],"product_cat":[35],"product_tag":[],"class_list":{"0":"post-533","1":"product","2":"type-product","3":"status-publish","4":"has-post-thumbnail","6":"product_brand-kosova","7":"product_cat-porselen","9":"first","10":"instock","11":"sale","12":"shipping-taxable","13":"purchasable","14":"product-type-simple"},"jetpack_sharing_enabled":true,"_links":{"self":[{"href":"https:\/\/cicibicihome.com\/index.php?rest_route=\/wp\/v2\/product\/533","targetHints":{"allow":["GET"]}}],"collection":[{"href":"https:\/\/cicibicihome.com\/index.php?rest_route=\/wp\/v2\/product"}],"about":[{"href":"https:\/\/cicibicihome.com\/index.php?rest_route=\/wp\/v2\/types\/product"}],"version-history":[{"count":1,"href":"https:\/\/cicibicihome.com\/index.php?rest_route=\/wp\/v2\/product\/533\/revisions"}],"predecessor-version":[{"id":624,"href":"https:\/\/cicibicihome.com\/index.php?rest_route=\/wp\/v2\/product\/533\/revisions\/624"}],"wp:featuredmedia":[{"embeddable":true,"href":"https:\/\/cicibicihome.com\/index.php?rest_route=\/wp\/v2\/media\/534"}],"wp:attachment":[{"href":"https:\/\/cicibicihome.com\/index.php?rest_route=%2Fwp%2Fv2%2Fmedia&parent=533"}],"wp:term":[{"taxonomy":"product_brand","embeddable":true,"href":"https:\/\/cicibicihome.com\/index.php?rest_route=%2Fwp%2Fv2%2Fproduct_brand&post=533"},{"taxonomy":"product_cat","embeddable":true,"href":"https:\/\/cicibicihome.com\/index.php?rest_route=%2Fwp%2Fv2%2Fproduct_cat&post=533"},{"taxonomy":"product_tag","embeddable":true,"href":"https:\/\/cicibicihome.com\/index.php?rest_route=%2Fwp%2Fv2%2Fproduct_tag&post=533"}],"curies":[{"name":"wp","href":"https:\/\/api.w.org\/{rel}","templated":true}]}}