{"id":531,"date":"2025-11-30T11:21:22","date_gmt":"2025-11-30T11:21:22","guid":{"rendered":"https:\/\/cicibicihome.com\/?post_type=product&#038;p=531"},"modified":"2025-11-30T11:21:58","modified_gmt":"2025-11-30T11:21:58","slug":"bambu-sapli-silikon-kepce","status":"publish","type":"product","link":"https:\/\/cicibicihome.com\/?product=bambu-sapli-silikon-kepce","title":{"rendered":"BAMBU SAPLI S\u0130L\u0130KON KEP\u00c7E"},"content":{"rendered":"<p>BAMBU SAPLI S\u0130L\u0130KON KEP\u00c7E\u00a0 30 CM UZUNLUK<\/p>\n<p>KREM RENK VE S\u0130L\u0130KON OLDUGU \u0130\u00c7\u0130N ISIYA DAYANIKLIDIR<\/p>\n<p>RENK DEG\u0130\u015eMES\u0130 YAPMAZ<\/p>\n<p>BAMBU KISMINDAN DOLAYI ELDE YIKAMA TAVS\u0130YE ED\u0130L\u0130R<\/p>\n","protected":false},"excerpt":{"rendered":"<p>BAMBU SAPLI S\u0130L\u0130KON KEP\u00c7E\u00a0 30 CM UZUNLUK KREM RENK VE S\u0130L\u0130KON OLDUGU \u0130\u00c7\u0130N ISIYA DAYANIKLIDIR RENK DEG\u0130\u015eMES\u0130 YAPMAZ BAMBU KISMINDAN DOLAYI ELDE YIKAMA TAVS\u0130YE ED\u0130L\u0130R<\/p>\n","protected":false},"featured_media":532,"template":"","meta":[],"product_brand":[34],"product_cat":[36],"product_tag":[],"class_list":{"0":"post-531","1":"product","2":"type-product","3":"status-publish","4":"has-post-thumbnail","6":"product_brand-cicibihome","7":"product_cat-pratik-ev-gerecleri","9":"first","10":"instock","11":"shipping-taxable","12":"purchasable","13":"product-type-simple"},"jetpack_sharing_enabled":true,"_links":{"self":[{"href":"https:\/\/cicibicihome.com\/index.php?rest_route=\/wp\/v2\/product\/531","targetHints":{"allow":["GET"]}}],"collection":[{"href":"https:\/\/cicibicihome.com\/index.php?rest_route=\/wp\/v2\/product"}],"about":[{"href":"https:\/\/cicibicihome.com\/index.php?rest_route=\/wp\/v2\/types\/product"}],"version-history":[{"count":0,"href":"https:\/\/cicibicihome.com\/index.php?rest_route=\/wp\/v2\/product\/531\/revisions"}],"wp:featuredmedia":[{"embeddable":true,"href":"https:\/\/cicibicihome.com\/index.php?rest_route=\/wp\/v2\/media\/532"}],"wp:attachment":[{"href":"https:\/\/cicibicihome.com\/index.php?rest_route=%2Fwp%2Fv2%2Fmedia&parent=531"}],"wp:term":[{"taxonomy":"product_brand","embeddable":true,"href":"https:\/\/cicibicihome.com\/index.php?rest_route=%2Fwp%2Fv2%2Fproduct_brand&post=531"},{"taxonomy":"product_cat","embeddable":true,"href":"https:\/\/cicibicihome.com\/index.php?rest_route=%2Fwp%2Fv2%2Fproduct_cat&post=531"},{"taxonomy":"product_tag","embeddable":true,"href":"https:\/\/cicibicihome.com\/index.php?rest_route=%2Fwp%2Fv2%2Fproduct_tag&post=531"}],"curies":[{"name":"wp","href":"https:\/\/api.w.org\/{rel}","templated":true}]}}