{"id":526,"date":"2025-11-30T11:04:13","date_gmt":"2025-11-30T11:04:13","guid":{"rendered":"https:\/\/cicibicihome.com\/?post_type=product&#038;p=526"},"modified":"2025-11-30T11:08:15","modified_gmt":"2025-11-30T11:08:15","slug":"flower-kahve-fincani-takimi","status":"publish","type":"product","link":"https:\/\/cicibicihome.com\/?product=flower-kahve-fincani-takimi","title":{"rendered":"Flower Kahve Fincan\u0131 Tak\u0131m\u0131"},"content":{"rendered":"<p>A\u00e7\u0131klama<\/p>\n","protected":false},"excerpt":{"rendered":"<p>A\u00e7\u0131klama<\/p>\n","protected":false},"featured_media":527,"template":"","meta":[],"product_brand":[],"product_cat":[35],"product_tag":[],"class_list":{"0":"post-526","1":"product","2":"type-product","3":"status-publish","4":"has-post-thumbnail","6":"product_cat-porselen","8":"first","9":"instock","10":"sale","11":"shipping-taxable","12":"purchasable","13":"product-type-simple"},"jetpack_sharing_enabled":true,"_links":{"self":[{"href":"https:\/\/cicibicihome.com\/index.php?rest_route=\/wp\/v2\/product\/526","targetHints":{"allow":["GET"]}}],"collection":[{"href":"https:\/\/cicibicihome.com\/index.php?rest_route=\/wp\/v2\/product"}],"about":[{"href":"https:\/\/cicibicihome.com\/index.php?rest_route=\/wp\/v2\/types\/product"}],"version-history":[{"count":0,"href":"https:\/\/cicibicihome.com\/index.php?rest_route=\/wp\/v2\/product\/526\/revisions"}],"wp:featuredmedia":[{"embeddable":true,"href":"https:\/\/cicibicihome.com\/index.php?rest_route=\/wp\/v2\/media\/527"}],"wp:attachment":[{"href":"https:\/\/cicibicihome.com\/index.php?rest_route=%2Fwp%2Fv2%2Fmedia&parent=526"}],"wp:term":[{"taxonomy":"product_brand","embeddable":true,"href":"https:\/\/cicibicihome.com\/index.php?rest_route=%2Fwp%2Fv2%2Fproduct_brand&post=526"},{"taxonomy":"product_cat","embeddable":true,"href":"https:\/\/cicibicihome.com\/index.php?rest_route=%2Fwp%2Fv2%2Fproduct_cat&post=526"},{"taxonomy":"product_tag","embeddable":true,"href":"https:\/\/cicibicihome.com\/index.php?rest_route=%2Fwp%2Fv2%2Fproduct_tag&post=526"}],"curies":[{"name":"wp","href":"https:\/\/api.w.org\/{rel}","templated":true}]}}