{"id":14,"date":"2022-10-19T13:30:27","date_gmt":"2022-10-19T13:30:27","guid":{"rendered":"https:\/\/demo.athemes.com\/botiga-beauty-el\/?page_id=14"},"modified":"2025-12-10T09:56:03","modified_gmt":"2025-12-10T09:56:03","slug":"anasayfa","status":"publish","type":"page","link":"https:\/\/cicibicihome.com\/","title":{"rendered":"Anasayfa"},"content":{"rendered":"\t\t<div data-elementor-type=\"wp-page\" data-elementor-id=\"14\" class=\"elementor elementor-14\">\n\t\t\t\t<div class=\"elementor-element elementor-element-30542b7 e-grid e-con-boxed e-con e-parent\" data-id=\"30542b7\" data-element_type=\"container\" data-e-type=\"container\">\n\t\t\t\t\t<div class=\"e-con-inner\">\n\t\t\t\t<div class=\"elementor-element elementor-element-7ef57f0 elementor-widget elementor-widget-image\" data-id=\"7ef57f0\" data-element_type=\"widget\" data-e-type=\"widget\" data-widget_type=\"image.default\">\n\t\t\t\t\t\t\t\t\t\t\t\t\t\t\t\t<a href=\"https:\/\/cicibicihome.com\/?product_cat=fincan-takimi-ve-kupa\">\n\t\t\t\t\t\t\t<img fetchpriority=\"high\" decoding=\"async\" width=\"1024\" height=\"420\" src=\"http:\/\/cicibicihome.com\/wp-content\/uploads\/2025\/12\/1250500-1024x420.png\" class=\"attachment-large size-large wp-image-602\" alt=\"\" srcset=\"http:\/\/cicibicihome.com\/wp-content\/uploads\/2025\/12\/1250500-1024x420.png 1024w, http:\/\/cicibicihome.com\/wp-content\/uploads\/2025\/12\/1250500-300x123.png 300w, http:\/\/cicibicihome.com\/wp-content\/uploads\/2025\/12\/1250500-768x315.png 768w, http:\/\/cicibicihome.com\/wp-content\/uploads\/2025\/12\/1250500-1140x467.png 1140w, http:\/\/cicibicihome.com\/wp-content\/uploads\/2025\/12\/1250500-920x377.png 920w, http:\/\/cicibicihome.com\/wp-content\/uploads\/2025\/12\/1250500-575x236.png 575w, http:\/\/cicibicihome.com\/wp-content\/uploads\/2025\/12\/1250500-380x156.png 380w, http:\/\/cicibicihome.com\/wp-content\/uploads\/2025\/12\/1250500-420x172.png 420w, http:\/\/cicibicihome.com\/wp-content\/uploads\/2025\/12\/1250500-800x328.png 800w, http:\/\/cicibicihome.com\/wp-content\/uploads\/2025\/12\/1250500-80x33.png 80w, http:\/\/cicibicihome.com\/wp-content\/uploads\/2025\/12\/1250500.png 1220w\" sizes=\"(max-width: 1024px) 100vw, 1024px\" \/>\t\t\t\t\t\t\t\t<\/a>\n\t\t\t\t\t\t\t\t\t\t\t\t\t\t\t<\/div>\n\t\t\t\t<div class=\"elementor-element elementor-element-2330797 elementor-widget elementor-widget-image\" data-id=\"2330797\" data-element_type=\"widget\" data-e-type=\"widget\" data-widget_type=\"image.default\">\n\t\t\t\t\t\t\t\t\t\t\t\t\t\t\t<img fetchpriority=\"high\" decoding=\"async\" width=\"1024\" height=\"420\" src=\"http:\/\/cicibicihome.com\/wp-content\/uploads\/2025\/12\/1250500-1024x420.png\" class=\"attachment-large size-large wp-image-602\" alt=\"\" srcset=\"http:\/\/cicibicihome.com\/wp-content\/uploads\/2025\/12\/1250500-1024x420.png 1024w, http:\/\/cicibicihome.com\/wp-content\/uploads\/2025\/12\/1250500-300x123.png 300w, http:\/\/cicibicihome.com\/wp-content\/uploads\/2025\/12\/1250500-768x315.png 768w, http:\/\/cicibicihome.com\/wp-content\/uploads\/2025\/12\/1250500-1140x467.png 1140w, http:\/\/cicibicihome.com\/wp-content\/uploads\/2025\/12\/1250500-920x377.png 920w, http:\/\/cicibicihome.com\/wp-content\/uploads\/2025\/12\/1250500-575x236.png 575w, http:\/\/cicibicihome.com\/wp-content\/uploads\/2025\/12\/1250500-380x156.png 380w, http:\/\/cicibicihome.com\/wp-content\/uploads\/2025\/12\/1250500-420x172.png 420w, http:\/\/cicibicihome.com\/wp-content\/uploads\/2025\/12\/1250500-800x328.png 800w, http:\/\/cicibicihome.com\/wp-content\/uploads\/2025\/12\/1250500-80x33.png 80w, http:\/\/cicibicihome.com\/wp-content\/uploads\/2025\/12\/1250500.png 1220w\" sizes=\"(max-width: 1024px) 100vw, 1024px\" \/>\t\t\t\t\t\t\t\t\t\t\t\t\t\t\t<\/div>\n\t\t\t\t\t<\/div>\n\t\t\t\t<\/div>\n\t\t\t\t<section class=\"elementor-section elementor-top-section elementor-element elementor-element-cc4ba2a elementor-section-boxed elementor-section-height-default elementor-section-height-default\" data-id=\"cc4ba2a\" data-element_type=\"section\" data-e-type=\"section\">\n\t\t\t\t\t\t<div class=\"elementor-container elementor-column-gap-default\">\n\t\t\t\t\t<div class=\"elementor-column elementor-col-100 elementor-top-column elementor-element elementor-element-e654a9e\" data-id=\"e654a9e\" data-element_type=\"column\" data-e-type=\"column\">\n\t\t\t<div class=\"elementor-widget-wrap elementor-element-populated\">\n\t\t\t\t\t\t<div class=\"elementor-element elementor-element-908745f elementor-invisible elementor-widget elementor-widget-shortcode\" data-id=\"908745f\" data-element_type=\"widget\" data-e-type=\"widget\" data-settings=\"{&quot;_animation&quot;:&quot;fadeInUpShorter&quot;,&quot;_animation_delay&quot;:600}\" data-widget_type=\"shortcode.default\">\n\t\t\t\t\t\t\t<div class=\"elementor-shortcode\"><div class=\"woocommerce columns-4 product-grid\"><ul class=\"products columns-4\">\n<li class=\"product type-product post-533 status-publish first instock product_cat-porselen has-post-thumbnail sale shipping-taxable purchasable product-type-simple has-manage-stock has-only-one-instock has-gallery-images\">\n\t<a href=\"https:\/\/cicibicihome.com\/?product=6li-fincan-takimi-bird\" class=\"woocommerce-LoopProduct-link woocommerce-loop-product__link\">\n\t<span class=\"onsale\">\u0130ndirim<\/span>\n\t<img decoding=\"async\" width=\"420\" height=\"420\" src=\"https:\/\/cicibicihome.com\/wp-content\/uploads\/2025\/11\/11883-fnc-33-420x420.jpg\" class=\"attachment-woocommerce_thumbnail size-woocommerce_thumbnail\" alt=\"6\u2019LI F\u0130NCAN TAKIMI (B\u0130RD)\" srcset=\"https:\/\/cicibicihome.com\/wp-content\/uploads\/2025\/11\/11883-fnc-33-420x420.jpg 420w, https:\/\/cicibicihome.com\/wp-content\/uploads\/2025\/11\/11883-fnc-33-300x300.jpg 300w, https:\/\/cicibicihome.com\/wp-content\/uploads\/2025\/11\/11883-fnc-33-150x150.jpg 150w, https:\/\/cicibicihome.com\/wp-content\/uploads\/2025\/11\/11883-fnc-33-380x380.jpg 380w, https:\/\/cicibicihome.com\/wp-content\/uploads\/2025\/11\/11883-fnc-33-100x100.jpg 100w, https:\/\/cicibicihome.com\/wp-content\/uploads\/2025\/11\/11883-fnc-33-80x80.jpg 80w, https:\/\/cicibicihome.com\/wp-content\/uploads\/2025\/11\/11883-fnc-33.jpg 500w\" sizes=\"(max-width: 420px) 100vw, 420px\" \/><h2 class=\"woocommerce-loop-product__title\">6\u2019LI F\u0130NCAN TAKIMI (B\u0130RD)<\/h2>\n\t<span class=\"price\"><del aria-hidden=\"true\"><span class=\"woocommerce-Price-amount amount\"><bdi><span class=\"woocommerce-Price-currencySymbol\">&#8378;<\/span>2.350,00<\/bdi><\/span><\/del> <span class=\"screen-reader-text\">Orijinal fiyat: &#8378;2.350,00.<\/span><ins aria-hidden=\"true\"><span class=\"woocommerce-Price-amount amount\"><bdi><span class=\"woocommerce-Price-currencySymbol\">&#8378;<\/span>2.300,00<\/bdi><\/span><\/ins><span class=\"screen-reader-text\">\u015eu andaki fiyat: &#8378;2.300,00.<\/span><\/span>\n<\/a><a title=\"Sepete ekle: \u201c6\u2019LI F\u0130NCAN TAKIMI (B\u0130RD)\u201d\" href=\"\/index.php?rest_route=%2Fwp%2Fv2%2Fpages%2F14&#038;add-to-cart=533\" aria-describedby=\"woocommerce_loop_add_to_cart_link_describedby_533\" data-quantity=\"1\" class=\"button product_type_simple add_to_cart_button ajax_add_to_cart\" data-product_id=\"533\" data-product_sku=\"4\" aria-label=\"Sepete ekle: \u201c6\u2019LI F\u0130NCAN TAKIMI (B\u0130RD)\u201d\" rel=\"nofollow\" data-success_message=\"&quot;6\u2019LI F\u0130NCAN TAKIMI (B\u0130RD)&quot; sepetinize eklendi\" role=\"button\">Sepete Ekle<\/a>\t<span id=\"woocommerce_loop_add_to_cart_link_describedby_533\" class=\"screen-reader-text\">\n\t\t\t<\/span>\n<\/li>\n<li class=\"product type-product post-583 status-publish instock product_cat-fincan-takimi-ve-kupa has-post-thumbnail sale shipping-taxable purchasable product-type-simple has-manage-stock has-only-one-instock\">\n\t<a href=\"https:\/\/cicibicihome.com\/?product=6li-kahve-fincanconnellmix\" class=\"woocommerce-LoopProduct-link woocommerce-loop-product__link\">\n\t<span class=\"onsale\">\u0130ndirim<\/span>\n\t<img decoding=\"async\" width=\"420\" height=\"420\" src=\"https:\/\/cicibicihome.com\/wp-content\/uploads\/2025\/12\/3236-420x420.jpg\" class=\"attachment-woocommerce_thumbnail size-woocommerce_thumbnail\" alt=\"6\u2019LI KAHVE F\u0130NCAN(CONNELL)M\u0130X\" srcset=\"https:\/\/cicibicihome.com\/wp-content\/uploads\/2025\/12\/3236-420x420.jpg 420w, https:\/\/cicibicihome.com\/wp-content\/uploads\/2025\/12\/3236-300x300.jpg 300w, https:\/\/cicibicihome.com\/wp-content\/uploads\/2025\/12\/3236-150x150.jpg 150w, https:\/\/cicibicihome.com\/wp-content\/uploads\/2025\/12\/3236-380x380.jpg 380w, https:\/\/cicibicihome.com\/wp-content\/uploads\/2025\/12\/3236-100x100.jpg 100w, https:\/\/cicibicihome.com\/wp-content\/uploads\/2025\/12\/3236-80x80.jpg 80w, https:\/\/cicibicihome.com\/wp-content\/uploads\/2025\/12\/3236.jpg 500w\" sizes=\"(max-width: 420px) 100vw, 420px\" \/><h2 class=\"woocommerce-loop-product__title\">6\u2019LI KAHVE F\u0130NCAN(CONNELL)M\u0130X<\/h2>\n\t<span class=\"price\"><del aria-hidden=\"true\"><span class=\"woocommerce-Price-amount amount\"><bdi><span class=\"woocommerce-Price-currencySymbol\">&#8378;<\/span>1.990,00<\/bdi><\/span><\/del> <span class=\"screen-reader-text\">Orijinal fiyat: &#8378;1.990,00.<\/span><ins aria-hidden=\"true\"><span class=\"woocommerce-Price-amount amount\"><bdi><span class=\"woocommerce-Price-currencySymbol\">&#8378;<\/span>1.850,00<\/bdi><\/span><\/ins><span class=\"screen-reader-text\">\u015eu andaki fiyat: &#8378;1.850,00.<\/span><\/span>\n<\/a><a title=\"Sepete ekle: \u201c6\u2019LI KAHVE F\u0130NCAN(CONNELL)M\u0130X\u201d\" href=\"\/index.php?rest_route=%2Fwp%2Fv2%2Fpages%2F14&#038;add-to-cart=583\" aria-describedby=\"woocommerce_loop_add_to_cart_link_describedby_583\" data-quantity=\"1\" class=\"button product_type_simple add_to_cart_button ajax_add_to_cart\" data-product_id=\"583\" data-product_sku=\"13\" aria-label=\"Sepete ekle: \u201c6\u2019LI KAHVE F\u0130NCAN(CONNELL)M\u0130X\u201d\" rel=\"nofollow\" data-success_message=\"&quot;6\u2019LI KAHVE F\u0130NCAN(CONNELL)M\u0130X&quot; sepetinize eklendi\" role=\"button\">Sepete Ekle<\/a>\t<span id=\"woocommerce_loop_add_to_cart_link_describedby_583\" class=\"screen-reader-text\">\n\t\t\t<\/span>\n<\/li>\n<li class=\"product type-product post-575 status-publish instock product_cat-pratik-ev-gerecleri has-post-thumbnail sale shipping-taxable purchasable product-type-simple has-manage-stock has-gallery-images\">\n\t<a href=\"https:\/\/cicibicihome.com\/?product=8-parca-baharat-kavanoz-seti\" class=\"woocommerce-LoopProduct-link woocommerce-loop-product__link\">\n\t<span class=\"onsale\">\u0130ndirim<\/span>\n\t<img loading=\"lazy\" decoding=\"async\" width=\"420\" height=\"630\" src=\"https:\/\/cicibicihome.com\/wp-content\/uploads\/2025\/12\/diagon-8-parca-baharat-kavanoz-seti-baharatlik-acar-2736554-69-O-420x630.jpg\" class=\"attachment-woocommerce_thumbnail size-woocommerce_thumbnail\" alt=\"8 Par\u00e7a Baharat Kavanoz Seti\" srcset=\"https:\/\/cicibicihome.com\/wp-content\/uploads\/2025\/12\/diagon-8-parca-baharat-kavanoz-seti-baharatlik-acar-2736554-69-O-420x630.jpg 420w, https:\/\/cicibicihome.com\/wp-content\/uploads\/2025\/12\/diagon-8-parca-baharat-kavanoz-seti-baharatlik-acar-2736554-69-O-200x300.jpg 200w, https:\/\/cicibicihome.com\/wp-content\/uploads\/2025\/12\/diagon-8-parca-baharat-kavanoz-seti-baharatlik-acar-2736554-69-O-575x862.jpg 575w, https:\/\/cicibicihome.com\/wp-content\/uploads\/2025\/12\/diagon-8-parca-baharat-kavanoz-seti-baharatlik-acar-2736554-69-O-380x570.jpg 380w, https:\/\/cicibicihome.com\/wp-content\/uploads\/2025\/12\/diagon-8-parca-baharat-kavanoz-seti-baharatlik-acar-2736554-69-O-67x100.jpg 67w, https:\/\/cicibicihome.com\/wp-content\/uploads\/2025\/12\/diagon-8-parca-baharat-kavanoz-seti-baharatlik-acar-2736554-69-O.jpg 667w\" sizes=\"(max-width: 420px) 100vw, 420px\" \/><h2 class=\"woocommerce-loop-product__title\">8 Par\u00e7a Baharat Kavanoz Seti<\/h2>\n\t<span class=\"price\"><del aria-hidden=\"true\"><span class=\"woocommerce-Price-amount amount\"><bdi><span class=\"woocommerce-Price-currencySymbol\">&#8378;<\/span>2.399,99<\/bdi><\/span><\/del> <span class=\"screen-reader-text\">Orijinal fiyat: &#8378;2.399,99.<\/span><ins aria-hidden=\"true\"><span class=\"woocommerce-Price-amount amount\"><bdi><span class=\"woocommerce-Price-currencySymbol\">&#8378;<\/span>2.100,00<\/bdi><\/span><\/ins><span class=\"screen-reader-text\">\u015eu andaki fiyat: &#8378;2.100,00.<\/span><\/span>\n<\/a><a title=\"Sepete ekle: \u201c8 Par\u00e7a Baharat Kavanoz Seti\u201d\" href=\"\/index.php?rest_route=%2Fwp%2Fv2%2Fpages%2F14&#038;add-to-cart=575\" aria-describedby=\"woocommerce_loop_add_to_cart_link_describedby_575\" data-quantity=\"1\" class=\"button product_type_simple add_to_cart_button ajax_add_to_cart\" data-product_id=\"575\" data-product_sku=\"12\" aria-label=\"Sepete ekle: \u201c8 Par\u00e7a Baharat Kavanoz Seti\u201d\" rel=\"nofollow\" data-success_message=\"&quot;8 Par\u00e7a Baharat Kavanoz Seti&quot; sepetinize eklendi\" role=\"button\">Sepete Ekle<\/a>\t<span id=\"woocommerce_loop_add_to_cart_link_describedby_575\" class=\"screen-reader-text\">\n\t\t\t<\/span>\n<\/li>\n<li class=\"product type-product post-539 status-publish last instock product_cat-pisirme-grubu has-post-thumbnail sale shipping-taxable purchasable product-type-simple has-manage-stock has-only-one-instock has-gallery-images\">\n\t<a href=\"https:\/\/cicibicihome.com\/?product=alt-ust-emaye-caydanlik-takimi-dama-dekor\" class=\"woocommerce-LoopProduct-link woocommerce-loop-product__link\">\n\t<span class=\"onsale\">\u0130ndirim<\/span>\n\t<img loading=\"lazy\" decoding=\"async\" width=\"420\" height=\"630\" src=\"https:\/\/cicibicihome.com\/wp-content\/uploads\/2025\/12\/3_org_zoom-1-420x630.webp\" class=\"attachment-woocommerce_thumbnail size-woocommerce_thumbnail\" alt=\"Alt \u00dcst Emaye \u00c7aydanl\u0131k Tak\u0131m\u0131 Dama Dekor\" srcset=\"https:\/\/cicibicihome.com\/wp-content\/uploads\/2025\/12\/3_org_zoom-1-420x630.webp 420w, https:\/\/cicibicihome.com\/wp-content\/uploads\/2025\/12\/3_org_zoom-1-200x300.webp 200w, https:\/\/cicibicihome.com\/wp-content\/uploads\/2025\/12\/3_org_zoom-1-683x1024.webp 683w, https:\/\/cicibicihome.com\/wp-content\/uploads\/2025\/12\/3_org_zoom-1-768x1152.webp 768w, https:\/\/cicibicihome.com\/wp-content\/uploads\/2025\/12\/3_org_zoom-1-1024x1536.webp 1024w, https:\/\/cicibicihome.com\/wp-content\/uploads\/2025\/12\/3_org_zoom-1-1140x1710.webp 1140w, https:\/\/cicibicihome.com\/wp-content\/uploads\/2025\/12\/3_org_zoom-1-920x1380.webp 920w, https:\/\/cicibicihome.com\/wp-content\/uploads\/2025\/12\/3_org_zoom-1-575x863.webp 575w, https:\/\/cicibicihome.com\/wp-content\/uploads\/2025\/12\/3_org_zoom-1-380x570.webp 380w, https:\/\/cicibicihome.com\/wp-content\/uploads\/2025\/12\/3_org_zoom-1-800x1200.webp 800w, https:\/\/cicibicihome.com\/wp-content\/uploads\/2025\/12\/3_org_zoom-1-67x100.webp 67w, https:\/\/cicibicihome.com\/wp-content\/uploads\/2025\/12\/3_org_zoom-1.webp 1200w\" sizes=\"(max-width: 420px) 100vw, 420px\" \/><h2 class=\"woocommerce-loop-product__title\">Alt \u00dcst Emaye \u00c7aydanl\u0131k Tak\u0131m\u0131 Dama Dekor<\/h2>\n\t<span class=\"price\"><del aria-hidden=\"true\"><span class=\"woocommerce-Price-amount amount\"><bdi><span class=\"woocommerce-Price-currencySymbol\">&#8378;<\/span>1.549,00<\/bdi><\/span><\/del> <span class=\"screen-reader-text\">Orijinal fiyat: &#8378;1.549,00.<\/span><ins aria-hidden=\"true\"><span class=\"woocommerce-Price-amount amount\"><bdi><span class=\"woocommerce-Price-currencySymbol\">&#8378;<\/span>1.400,00<\/bdi><\/span><\/ins><span class=\"screen-reader-text\">\u015eu andaki fiyat: &#8378;1.400,00.<\/span><\/span>\n<\/a><a title=\"Sepete ekle: \u201cAlt \u00dcst Emaye \u00c7aydanl\u0131k Tak\u0131m\u0131 Dama Dekor\u201d\" href=\"\/index.php?rest_route=%2Fwp%2Fv2%2Fpages%2F14&#038;add-to-cart=539\" aria-describedby=\"woocommerce_loop_add_to_cart_link_describedby_539\" data-quantity=\"1\" class=\"button product_type_simple add_to_cart_button ajax_add_to_cart\" data-product_id=\"539\" data-product_sku=\"1\" aria-label=\"Sepete ekle: \u201cAlt \u00dcst Emaye \u00c7aydanl\u0131k Tak\u0131m\u0131 Dama Dekor\u201d\" rel=\"nofollow\" data-success_message=\"&quot;Alt \u00dcst Emaye \u00c7aydanl\u0131k Tak\u0131m\u0131 Dama Dekor&quot; sepetinize eklendi\" role=\"button\">Sepete Ekle<\/a>\t<span id=\"woocommerce_loop_add_to_cart_link_describedby_539\" class=\"screen-reader-text\">\n\t\t\t<\/span>\n<\/li>\n<\/ul>\n<\/div>\n<style>\nul.products li.product img {\n    width: 100%;\n    height: 280px;\n    object-fit: contain !important;\n    background: #fff;\n    padding: 10px;\n}\n\n\/* \u00dcr\u00fcn ba\u015fl\u0131\u011f\u0131 tek sat\u0131r olsun *\/\nul.products li.product .woocommerce-loop-product__title {\n    white-space: nowrap;\n    overflow: hidden;\n    text-overflow: ellipsis;\n}\n<\/style>\n\n<\/div>\n\t\t\t\t\t\t<\/div>\n\t\t\t\t\t<\/div>\n\t\t<\/div>\n\t\t\t\t\t<\/div>\n\t\t<\/section>\n\t\t\t\t<\/div>\n\t\t","protected":false},"excerpt":{"rendered":"","protected":false},"author":1,"featured_media":0,"parent":0,"menu_order":0,"comment_status":"closed","ping_status":"closed","template":"elementor_header_footer","meta":{"footnotes":""},"class_list":["post-14","page","type-page","status-publish","hentry"],"jetpack_sharing_enabled":true,"_links":{"self":[{"href":"https:\/\/cicibicihome.com\/index.php?rest_route=\/wp\/v2\/pages\/14","targetHints":{"allow":["GET"]}}],"collection":[{"href":"https:\/\/cicibicihome.com\/index.php?rest_route=\/wp\/v2\/pages"}],"about":[{"href":"https:\/\/cicibicihome.com\/index.php?rest_route=\/wp\/v2\/types\/page"}],"author":[{"embeddable":true,"href":"https:\/\/cicibicihome.com\/index.php?rest_route=\/wp\/v2\/users\/1"}],"replies":[{"embeddable":true,"href":"https:\/\/cicibicihome.com\/index.php?rest_route=%2Fwp%2Fv2%2Fcomments&post=14"}],"version-history":[{"count":25,"href":"https:\/\/cicibicihome.com\/index.php?rest_route=\/wp\/v2\/pages\/14\/revisions"}],"predecessor-version":[{"id":612,"href":"https:\/\/cicibicihome.com\/index.php?rest_route=\/wp\/v2\/pages\/14\/revisions\/612"}],"wp:attachment":[{"href":"https:\/\/cicibicihome.com\/index.php?rest_route=%2Fwp%2Fv2%2Fmedia&parent=14"}],"curies":[{"name":"wp","href":"https:\/\/api.w.org\/{rel}","templated":true}]}}